{"id":19,"date":"2024-02-19T12:50:56","date_gmt":"2024-02-19T12:50:56","guid":{"rendered":"https:\/\/newslabturkey.org\/akademi\/instructor\/"},"modified":"2025-01-14T10:23:30","modified_gmt":"2025-01-14T10:23:30","slug":"egitmen","status":"publish","type":"page","link":"https:\/\/newslabturkey.org\/akademi\/egitmen\/","title":{"rendered":"Uzman"},"content":{"rendered":"\t\t<div data-elementor-type=\"wp-page\" data-elementor-id=\"19\" class=\"elementor elementor-19\">\n\t\t\t\t<div class=\"elementor-element elementor-element-019d36e e-flex e-con-boxed e-con e-parent\" data-id=\"019d36e\" data-element_type=\"container\">\n\t\t\t\t\t<div class=\"e-con-inner\">\n\t\t\t\t<div class=\"elementor-element elementor-element-58f3817 elementor-widget elementor-widget-spacer\" data-id=\"58f3817\" data-element_type=\"widget\" data-widget_type=\"spacer.default\">\n\t\t\t\t<div class=\"elementor-widget-container\">\n\t\t\t\t\t\t\t<div class=\"elementor-spacer\">\n\t\t\t<div class=\"elementor-spacer-inner\"><\/div>\n\t\t<\/div>\n\t\t\t\t\t\t<\/div>\n\t\t\t\t<\/div>\n\t\t\t\t\t<\/div>\n\t\t\t\t<\/div>\n\t\t<div class=\"elementor-element elementor-element-ba35c81 e-flex e-con-boxed e-con e-parent\" data-id=\"ba35c81\" data-element_type=\"container\">\n\t\t\t\t\t<div class=\"e-con-inner\">\n\t\t<div class=\"elementor-element elementor-element-6b19f40 e-con-full e-flex e-con e-child\" data-id=\"6b19f40\" data-element_type=\"container\">\n\t\t\t\t<div class=\"elementor-element elementor-element-5cffc26 elementor-widget elementor-widget-learnpress_instructor_avatar\" data-id=\"5cffc26\" data-element_type=\"widget\" data-widget_type=\"learnpress_instructor_avatar.default\">\n\t\t\t\t<div class=\"elementor-widget-container\">\n\t\t\t\t\tInstructor not found!\t\t\t\t<\/div>\n\t\t\t\t<\/div>\n\t\t\t\t<\/div>\n\t\t<div class=\"elementor-element elementor-element-39dd85d e-con-full e-flex e-con e-child\" data-id=\"39dd85d\" data-element_type=\"container\">\n\t\t\t\t<div class=\"elementor-element elementor-element-841fb73 elementor-widget elementor-widget-learnpress_instructor_name\" data-id=\"841fb73\" data-element_type=\"widget\" data-widget_type=\"learnpress_instructor_name.default\">\n\t\t\t\t<div class=\"elementor-widget-container\">\n\t\t\t\t\tInstructor not found!\t\t\t\t<\/div>\n\t\t\t\t<\/div>\n\t\t\t\t<div class=\"elementor-element elementor-element-e70dd19 elementor-widget elementor-widget-learnpress_instructor_description\" data-id=\"e70dd19\" data-element_type=\"widget\" data-widget_type=\"learnpress_instructor_description.default\">\n\t\t\t\t<div class=\"elementor-widget-container\">\n\t\t\t\t\tInstructor not found!\t\t\t\t<\/div>\n\t\t\t\t<\/div>\n\t\t\t\t<\/div>\n\t\t<div class=\"elementor-element elementor-element-d15df4f e-con-full e-flex e-con e-child\" data-id=\"d15df4f\" data-element_type=\"container\">\n\t\t\t\t<div class=\"elementor-element elementor-element-bfd1f6a elementor-widget elementor-widget-spacer\" data-id=\"bfd1f6a\" data-element_type=\"widget\" data-widget_type=\"spacer.default\">\n\t\t\t\t<div class=\"elementor-widget-container\">\n\t\t\t\t\t\t\t<div class=\"elementor-spacer\">\n\t\t\t<div class=\"elementor-spacer-inner\"><\/div>\n\t\t<\/div>\n\t\t\t\t\t\t<\/div>\n\t\t\t\t<\/div>\n\t\t\t\t<\/div>\n\t\t\t\t\t<\/div>\n\t\t\t\t<\/div>\n\t\t<div class=\"elementor-element elementor-element-556bab5 e-flex e-con-boxed e-con e-parent\" data-id=\"556bab5\" data-element_type=\"container\">\n\t\t\t\t\t<div class=\"e-con-inner\">\n\t\t<div class=\"elementor-element elementor-element-77fb02a e-con-full e-flex e-con e-child\" data-id=\"77fb02a\" data-element_type=\"container\">\n\t\t\t\t<div class=\"elementor-element elementor-element-f800eb7 elementor-widget elementor-widget-edublink-heading\" data-id=\"f800eb7\" data-element_type=\"widget\" data-widget_type=\"edublink-heading.default\">\n\t\t\t\t<div class=\"elementor-widget-container\">\n\t\t\t\t\t<div class=\"edublink-section-heading\"><span class=\"pre-heading\">B\u00fct\u00fcn<\/span><h3 class=\"heading\">E\u011fitmenlerimiz<\/h3><div class=\"title-shape\"><i class=\"icon-19\"><\/i><\/div><\/div>\t\t\t\t<\/div>\n\t\t\t\t<\/div>\n\t\t\t\t<div class=\"elementor-element elementor-element-3497e28 elementor-widget elementor-widget-edublink-team\" data-id=\"3497e28\" data-element_type=\"widget\" data-widget_type=\"edublink-team.default\">\n\t\t\t\t<div class=\"elementor-widget-container\">\n\t\t\t\t\t<div class=\"eb-team-wrapper\"><div class=\"eb-team-container eb-team-grid edublink-row\"><div class=\"edublink-team-5-widget edublink-col-lg-2 edublink-col-md-6 edublink-col-sm-12\" data-sal=\"\"><div class=\"edublink-team-item\"><div class=\"thumbnail-wrap\"><div class=\"thumbnail\"><a ><img decoding=\"async\" src=\"https:\/\/newslabturkey.org\/akademi\/wp-content\/uploads\/2025\/01\/asli-alpar-sb-300x300.png\" alt=\"asli-alpar-sb\"><\/a><\/div><ul class=\"team-share-info\"><li><a href=\"#\" target=\"_self\"><i class=\"icon-facebook\"><\/i><\/a><\/li><li><a href=\"#\" target=\"_self\"><i class=\"icon-twitter\"><\/i><\/a><\/li><li><a href=\"#\" target=\"_self\"><i class=\"icon-linkedin2\"><\/i><\/a><\/li><\/ul><\/div><div class=\"content\"><h5 class=\"title\"><a >Asl\u0131 Alpar<\/a><\/h5><\/div><\/div><\/div><div class=\"edublink-team-5-widget edublink-col-lg-2 edublink-col-md-6 edublink-col-sm-12\" data-sal=\"\"><div class=\"edublink-team-item\"><div class=\"thumbnail-wrap\"><div class=\"thumbnail\"><a ><img decoding=\"async\" src=\"https:\/\/newslabturkey.org\/akademi\/wp-content\/uploads\/2025\/01\/kemal-goktas-sb-300x294.png\" alt=\"kemal-goktas-sb\"><\/a><\/div><ul class=\"team-share-info\"><li><a href=\"#\" target=\"_self\"><i class=\"icon-facebook\"><\/i><\/a><\/li><li><a href=\"#\" target=\"_self\"><i class=\"icon-twitter\"><\/i><\/a><\/li><li><a href=\"#\" target=\"_self\"><i class=\"icon-linkedin2\"><\/i><\/a><\/li><\/ul><\/div><div class=\"content\"><h5 class=\"title\"><a >Kemal G\u00f6kta\u015f<\/a><\/h5><\/div><\/div><\/div><div class=\"edublink-team-5-widget edublink-col-lg-2 edublink-col-md-6 edublink-col-sm-12\" data-sal=\"\"><div class=\"edublink-team-item\"><div class=\"thumbnail-wrap\"><div class=\"thumbnail\"><a ><img decoding=\"async\" src=\"https:\/\/newslabturkey.org\/akademi\/wp-content\/uploads\/2025\/01\/burcu-karakas-sb-300x300.png\" alt=\"burcu-karakas-sb\"><\/a><\/div><ul class=\"team-share-info\"><li><a href=\"#\" target=\"_self\"><i class=\"icon-facebook\"><\/i><\/a><\/li><li><a href=\"#\" target=\"_self\"><i class=\"icon-twitter\"><\/i><\/a><\/li><li><a href=\"#\" target=\"_self\"><i class=\"icon-linkedin2\"><\/i><\/a><\/li><\/ul><\/div><div class=\"content\"><h5 class=\"title\"><a >Burcu Karaka\u015f<\/a><\/h5><\/div><\/div><\/div><div class=\"edublink-team-5-widget edublink-col-lg-2 edublink-col-md-6 edublink-col-sm-12\" data-sal=\"\"><div class=\"edublink-team-item\"><div class=\"thumbnail-wrap\"><div class=\"thumbnail\"><a ><img decoding=\"async\" src=\"https:\/\/newslabturkey.org\/akademi\/wp-content\/uploads\/2025\/01\/suncem-kocer-sb-300x300.png\" alt=\"suncem-kocer-sb\"><\/a><\/div><ul class=\"team-share-info\"><li><a href=\"#\" target=\"_self\"><i class=\"icon-facebook\"><\/i><\/a><\/li><li><a href=\"#\" target=\"_self\"><i class=\"icon-twitter\"><\/i><\/a><\/li><li><a href=\"#\" target=\"_self\"><i class=\"icon-linkedin2\"><\/i><\/a><\/li><\/ul><\/div><div class=\"content\"><h5 class=\"title\"><a >Do\u00e7. Dr. Suncem Ko\u00e7er<\/a><\/h5><\/div><\/div><\/div><div class=\"edublink-team-5-widget edublink-col-lg-2 edublink-col-md-6 edublink-col-sm-12\" data-sal=\"\"><div class=\"edublink-team-item\"><div class=\"thumbnail-wrap\"><div class=\"thumbnail\"><a ><img decoding=\"async\" src=\"https:\/\/newslabturkey.org\/akademi\/wp-content\/uploads\/2025\/01\/sarphan-son-sb-300x300.png\" alt=\"sarphan-son-sb\"><\/a><\/div><ul class=\"team-share-info\"><li><a href=\"#\" target=\"_self\"><i class=\"icon-facebook\"><\/i><\/a><\/li><li><a href=\"#\" target=\"_self\"><i class=\"icon-twitter\"><\/i><\/a><\/li><li><a href=\"#\" target=\"_self\"><i class=\"icon-linkedin2\"><\/i><\/a><\/li><\/ul><\/div><div class=\"content\"><h5 class=\"title\"><a >Dr. Sarphan Uzuno\u011flu<\/a><\/h5><\/div><\/div><\/div><div class=\"edublink-team-5-widget edublink-col-lg-2 edublink-col-md-6 edublink-col-sm-12\" data-sal=\"\"><div class=\"edublink-team-item\"><div class=\"thumbnail-wrap\"><div class=\"thumbnail\"><a ><img decoding=\"async\" src=\"https:\/\/newslabturkey.org\/akademi\/wp-content\/uploads\/2024\/10\/yasemin-inceoglu-300x300.png\" alt=\"yasemin-inceoglu\"><\/a><\/div><ul class=\"team-share-info\"><li><a href=\"#\" target=\"_self\"><i class=\"icon-facebook\"><\/i><\/a><\/li><li><a href=\"#\" target=\"_self\"><i class=\"icon-twitter\"><\/i><\/a><\/li><li><a href=\"#\" target=\"_self\"><i class=\"icon-linkedin2\"><\/i><\/a><\/li><\/ul><\/div><div class=\"content\"><h5 class=\"title\"><a >Prof. Dr. Yasemin \u0130nceo\u011flu<\/a><\/h5><\/div><\/div><\/div><div class=\"edublink-team-5-widget edublink-col-lg-2 edublink-col-md-6 edublink-col-sm-12\" data-sal=\"\"><div class=\"edublink-team-item\"><div class=\"thumbnail-wrap\"><div class=\"thumbnail\"><a ><img decoding=\"async\" src=\"https:\/\/newslabturkey.org\/akademi\/wp-content\/uploads\/2025\/01\/hande-arikan-ssb-300x300.png\" alt=\"hande-arikan-ssb\"><\/a><\/div><ul class=\"team-share-info\"><li><a href=\"#\" target=\"_self\"><i class=\"icon-facebook\"><\/i><\/a><\/li><li><a href=\"#\" target=\"_self\"><i class=\"icon-twitter\"><\/i><\/a><\/li><li><a href=\"#\" target=\"_self\"><i class=\"icon-linkedin2\"><\/i><\/a><\/li><\/ul><\/div><div class=\"content\"><h5 class=\"title\"><a >Hande Ar\u0131kan<\/a><\/h5><\/div><\/div><\/div><div class=\"edublink-team-5-widget edublink-col-lg-2 edublink-col-md-6 edublink-col-sm-12\" data-sal=\"\"><div class=\"edublink-team-item\"><div class=\"thumbnail-wrap\"><div class=\"thumbnail\"><a ><img decoding=\"async\" src=\"https:\/\/newslabturkey.org\/akademi\/wp-content\/uploads\/2025\/01\/anil-savas-kilic-sb-300x300.png\" alt=\"anil-savas-kilic-sb\"><\/a><\/div><ul class=\"team-share-info\"><li><a href=\"#\" target=\"_self\"><i class=\"icon-facebook\"><\/i><\/a><\/li><li><a href=\"#\" target=\"_self\"><i class=\"icon-twitter\"><\/i><\/a><\/li><li><a href=\"#\" target=\"_self\"><i class=\"icon-linkedin2\"><\/i><\/a><\/li><\/ul><\/div><div class=\"content\"><h5 class=\"title\"><a >Dr. An\u0131l Sava\u015f K\u0131l\u0131\u00e7<\/a><\/h5><\/div><\/div><\/div><div class=\"edublink-team-5-widget edublink-col-lg-2 edublink-col-md-6 edublink-col-sm-12\" data-sal=\"\"><div class=\"edublink-team-item\"><div class=\"thumbnail-wrap\"><div class=\"thumbnail\"><a ><img decoding=\"async\" src=\"https:\/\/newslabturkey.org\/akademi\/wp-content\/uploads\/2025\/01\/ekinsu-sb-300x300.png\" alt=\"ekinsu-sb\"><\/a><\/div><ul class=\"team-share-info\"><li><a href=\"#\" target=\"_self\"><i class=\"icon-facebook\"><\/i><\/a><\/li><li><a href=\"#\" target=\"_self\"><i class=\"icon-twitter\"><\/i><\/a><\/li><li><a href=\"#\" target=\"_self\"><i class=\"icon-linkedin2\"><\/i><\/a><\/li><\/ul><\/div><div class=\"content\"><h5 class=\"title\"><a >Ekinsu Ulu<\/a><\/h5><\/div><\/div><\/div><div class=\"edublink-team-5-widget edublink-col-lg-2 edublink-col-md-6 edublink-col-sm-12\" data-sal=\"\"><div class=\"edublink-team-item\"><div class=\"thumbnail-wrap\"><div class=\"thumbnail\"><a ><img decoding=\"async\" src=\"https:\/\/newslabturkey.org\/akademi\/wp-content\/uploads\/2025\/01\/ahmet-sabanci-sb-300x300.png\" alt=\"ahmet-sabanci-sb\"><\/a><\/div><ul class=\"team-share-info\"><li><a href=\"#\" target=\"_self\"><i class=\"icon-facebook\"><\/i><\/a><\/li><li><a href=\"#\" target=\"_self\"><i class=\"icon-twitter\"><\/i><\/a><\/li><li><a href=\"#\" target=\"_self\"><i class=\"icon-linkedin2\"><\/i><\/a><\/li><\/ul><\/div><div class=\"content\"><h5 class=\"title\"><a >Ahmet A. Sabanc\u0131<\/a><\/h5><\/div><\/div><\/div><div class=\"edublink-team-5-widget edublink-col-lg-2 edublink-col-md-6 edublink-col-sm-12\" data-sal=\"\"><div class=\"edublink-team-item\"><div class=\"thumbnail-wrap\"><div class=\"thumbnail\"><a ><img decoding=\"async\" src=\"https:\/\/newslabturkey.org\/akademi\/wp-content\/uploads\/2025\/01\/berzah-kaya-300x300.png\" alt=\"berzah-kaya\"><\/a><\/div><ul class=\"team-share-info\"><li><a href=\"#\" target=\"_self\"><i class=\"icon-facebook\"><\/i><\/a><\/li><li><a href=\"#\" target=\"_self\"><i class=\"icon-twitter\"><\/i><\/a><\/li><li><a href=\"#\" target=\"_self\"><i class=\"icon-linkedin2\"><\/i><\/a><\/li><\/ul><\/div><div class=\"content\"><h5 class=\"title\"><a >Berzah Kaya<\/a><\/h5><\/div><\/div><\/div><div class=\"edublink-team-5-widget edublink-col-lg-2 edublink-col-md-6 edublink-col-sm-12\" data-sal=\"\"><div class=\"edublink-team-item\"><div class=\"thumbnail-wrap\"><div class=\"thumbnail\"><a ><img decoding=\"async\" src=\"https:\/\/newslabturkey.org\/akademi\/wp-content\/uploads\/2025\/01\/fisun-yalcinkaya-sb-300x300.png\" alt=\"fisun-yalcinkaya-sb\"><\/a><\/div><ul class=\"team-share-info\"><li><a href=\"#\" target=\"_self\"><i class=\"icon-facebook\"><\/i><\/a><\/li><li><a href=\"#\" target=\"_self\"><i class=\"icon-twitter\"><\/i><\/a><\/li><li><a href=\"#\" target=\"_self\"><i class=\"icon-linkedin2\"><\/i><\/a><\/li><\/ul><\/div><div class=\"content\"><h5 class=\"title\"><a >Fis\u00fcn Yal\u00e7\u0131nkaya<\/a><\/h5><\/div><\/div><\/div><div class=\"edublink-team-5-widget edublink-col-lg-2 edublink-col-md-6 edublink-col-sm-12\" data-sal=\"\"><div class=\"edublink-team-item\"><div class=\"thumbnail-wrap\"><div class=\"thumbnail\"><a ><img decoding=\"async\" src=\"https:\/\/newslabturkey.org\/akademi\/wp-content\/uploads\/2024\/10\/dogu-eroglu-300x300.png\" alt=\"dogu-eroglu\"><\/a><\/div><ul class=\"team-share-info\"><li><a href=\"#\" target=\"_self\"><i class=\"icon-facebook\"><\/i><\/a><\/li><li><a href=\"#\" target=\"_self\"><i class=\"icon-twitter\"><\/i><\/a><\/li><li><a href=\"#\" target=\"_self\"><i class=\"icon-linkedin2\"><\/i><\/a><\/li><\/ul><\/div><div class=\"content\"><h5 class=\"title\"><a >Do\u011fu Ero\u011flu<\/a><\/h5><\/div><\/div><\/div><div class=\"edublink-team-5-widget edublink-col-lg-2 edublink-col-md-6 edublink-col-sm-12\" data-sal=\"\"><div class=\"edublink-team-item\"><div class=\"thumbnail-wrap\"><div class=\"thumbnail\"><a ><img decoding=\"async\" src=\"https:\/\/newslabturkey.org\/akademi\/wp-content\/uploads\/2024\/02\/Y56y37CJ_400x400-1-300x300.jpg\" alt=\"tansel-erdem-yilmaz\"><\/a><\/div><ul class=\"team-share-info\"><li><a href=\"#\" target=\"_self\"><i class=\"icon-facebook\"><\/i><\/a><\/li><li><a href=\"#\" target=\"_self\"><i class=\"icon-twitter\"><\/i><\/a><\/li><li><a href=\"#\" target=\"_self\"><i class=\"icon-linkedin2\"><\/i><\/a><\/li><\/ul><\/div><div class=\"content\"><h5 class=\"title\"><a >Tansel Erdem Y\u0131lmaz<\/a><\/h5><\/div><\/div><\/div><div class=\"edublink-team-5-widget edublink-col-lg-2 edublink-col-md-6 edublink-col-sm-12\" data-sal=\"\"><div class=\"edublink-team-item\"><div class=\"thumbnail-wrap\"><div class=\"thumbnail\"><a ><img decoding=\"async\" src=\"https:\/\/newslabturkey.org\/akademi\/wp-content\/uploads\/2024\/02\/cagla-uren-300x300.jpg\" alt=\"cagla-uren\"><\/a><\/div><ul class=\"team-share-info\"><li><a href=\"#\" target=\"_self\"><i class=\"icon-facebook\"><\/i><\/a><\/li><li><a href=\"#\" target=\"_self\"><i class=\"icon-twitter\"><\/i><\/a><\/li><li><a href=\"#\" target=\"_self\"><i class=\"icon-linkedin2\"><\/i><\/a><\/li><\/ul><\/div><div class=\"content\"><h5 class=\"title\"><a >\u00c7a\u011fla \u00dcren<\/a><\/h5><\/div><\/div><\/div><div class=\"edublink-team-5-widget edublink-col-lg-2 edublink-col-md-6 edublink-col-sm-12\" data-sal=\"\"><div class=\"edublink-team-item\"><div class=\"thumbnail-wrap\"><div class=\"thumbnail\"><a ><img decoding=\"async\" src=\"https:\/\/newslabturkey.org\/akademi\/wp-content\/uploads\/2024\/12\/ozlem-kahveci-e1735287617138.png\" alt=\"ozlem-kahveci\"><\/a><\/div><ul class=\"team-share-info\"><li><a href=\"#\" target=\"_self\"><i class=\"icon-facebook\"><\/i><\/a><\/li><li><a href=\"#\" target=\"_self\"><i class=\"icon-twitter\"><\/i><\/a><\/li><li><a href=\"#\" target=\"_self\"><i class=\"icon-linkedin2\"><\/i><\/a><\/li><\/ul><\/div><div class=\"content\"><h5 class=\"title\"><a >\u00d6zlem Kahveci<\/a><\/h5><\/div><\/div><\/div><div class=\"edublink-team-5-widget edublink-col-lg-2 edublink-col-md-6 edublink-col-sm-12\" data-sal=\"\"><div class=\"edublink-team-item\"><div class=\"thumbnail-wrap\"><div class=\"thumbnail\"><a ><img decoding=\"async\" src=\"https:\/\/newslabturkey.org\/akademi\/wp-content\/uploads\/2025\/01\/batuhan-durmaz-300x300.png\" alt=\"batuhan-durmaz\"><\/a><\/div><ul class=\"team-share-info\"><li><a href=\"#\" target=\"_self\"><i class=\"icon-facebook\"><\/i><\/a><\/li><li><a href=\"#\" target=\"_self\"><i class=\"icon-twitter\"><\/i><\/a><\/li><li><a href=\"#\" target=\"_self\"><i class=\"icon-linkedin2\"><\/i><\/a><\/li><\/ul><\/div><div class=\"content\"><h5 class=\"title\"><a >Batuhan Durmaz<\/a><\/h5><\/div><\/div><\/div><div class=\"edublink-team-5-widget edublink-col-lg-2 edublink-col-md-6 edublink-col-sm-12\" data-sal=\"\"><div class=\"edublink-team-item\"><div class=\"thumbnail-wrap\"><div class=\"thumbnail\"><a ><img decoding=\"async\" src=\"https:\/\/newslabturkey.org\/akademi\/wp-content\/uploads\/2025\/01\/busra-sb-300x300.png\" alt=\"busra-sb\"><\/a><\/div><ul class=\"team-share-info\"><li><a href=\"#\" target=\"_self\"><i class=\"icon-facebook\"><\/i><\/a><\/li><li><a href=\"#\" target=\"_self\"><i class=\"icon-twitter\"><\/i><\/a><\/li><li><a href=\"#\" target=\"_self\"><i class=\"icon-linkedin2\"><\/i><\/a><\/li><\/ul><\/div><div class=\"content\"><h5 class=\"title\"><a >B\u00fc\u015fra Uygun<\/a><\/h5><\/div><\/div><\/div><\/div><\/div>\t\t\t\t<\/div>\n\t\t\t\t<\/div>\n\t\t<div class=\"elementor-element elementor-element-5144b1b e-flex e-con-boxed e-con e-child\" data-id=\"5144b1b\" data-element_type=\"container\">\n\t\t\t\t\t<div class=\"e-con-inner\">\n\t\t\t\t<div class=\"elementor-element elementor-element-0329ce1 elementor-widget elementor-widget-spacer\" data-id=\"0329ce1\" data-element_type=\"widget\" data-widget_type=\"spacer.default\">\n\t\t\t\t<div class=\"elementor-widget-container\">\n\t\t\t\t\t\t\t<div class=\"elementor-spacer\">\n\t\t\t<div class=\"elementor-spacer-inner\"><\/div>\n\t\t<\/div>\n\t\t\t\t\t\t<\/div>\n\t\t\t\t<\/div>\n\t\t\t\t\t<\/div>\n\t\t\t\t<\/div>\n\t\t\t\t<\/div>\n\t\t\t\t\t<\/div>\n\t\t\t\t<\/div>\n\t\t\t\t<\/div>\n\t\t","protected":false},"excerpt":{"rendered":"<p>User is not Instructor! User is not Instructor! User is not Instructor! B\u00fct\u00fcn E\u011fitmenlerimiz Asl\u0131 Alpar Kemal G\u00f6kta\u015f Burcu Karaka\u015f&#8230;<\/p>\n","protected":false},"author":1,"featured_media":0,"parent":0,"menu_order":0,"comment_status":"closed","ping_status":"closed","template":"","meta":{"footnotes":""},"class_list":["post-19","page","type-page","status-publish","hentry"],"_links":{"self":[{"href":"https:\/\/newslabturkey.org\/akademi\/wp-json\/wp\/v2\/pages\/19","targetHints":{"allow":["GET"]}}],"collection":[{"href":"https:\/\/newslabturkey.org\/akademi\/wp-json\/wp\/v2\/pages"}],"about":[{"href":"https:\/\/newslabturkey.org\/akademi\/wp-json\/wp\/v2\/types\/page"}],"author":[{"embeddable":true,"href":"https:\/\/newslabturkey.org\/akademi\/wp-json\/wp\/v2\/users\/1"}],"replies":[{"embeddable":true,"href":"https:\/\/newslabturkey.org\/akademi\/wp-json\/wp\/v2\/comments?post=19"}],"version-history":[{"count":0,"href":"https:\/\/newslabturkey.org\/akademi\/wp-json\/wp\/v2\/pages\/19\/revisions"}],"wp:attachment":[{"href":"https:\/\/newslabturkey.org\/akademi\/wp-json\/wp\/v2\/media?parent=19"}],"curies":[{"name":"wp","href":"https:\/\/api.w.org\/{rel}","templated":true}]}}